{"id":1478,"date":"2020-08-04T09:06:20","date_gmt":"2020-08-04T06:06:20","guid":{"rendered":"https:\/\/datorium.eu\/?page_id=1478"},"modified":"2024-02-22T23:37:55","modified_gmt":"2024-02-22T21:37:55","slug":"privacy-policy","status":"publish","type":"page","link":"https:\/\/datorium.eu\/lv\/privacy-policy\/","title":{"rendered":"Priv\u0101tuma politika"},"content":{"rendered":"<div data-elementor-type=\"wp-page\" data-elementor-id=\"1478\" class=\"elementor elementor-1478\">\n\t\t\t\t\t\t<section class=\"elementor-section elementor-top-section elementor-element elementor-element-12561386 elementor-section-height-min-height elementor-section-boxed elementor-section-height-default elementor-section-items-middle\" data-id=\"12561386\" data-element_type=\"section\" data-settings=\"{&quot;background_background&quot;:&quot;gradient&quot;,&quot;shape_divider_bottom&quot;:&quot;waves&quot;}\">\n\t\t\t\t\t\t\t<div class=\"elementor-background-overlay\"><\/div>\n\t\t\t\t\t\t<div class=\"elementor-shape elementor-shape-bottom\" data-negative=\"false\">\n\t\t\t<svg xmlns=\"http:\/\/www.w3.org\/2000\/svg\" viewbox=\"0 0 1000 100\" preserveaspectratio=\"none\">\n\t<path class=\"elementor-shape-fill\" d=\"M421.9,6.5c22.6-2.5,51.5,0.4,75.5,5.3c23.6,4.9,70.9,23.5,100.5,35.7c75.8,32.2,133.7,44.5,192.6,49.7\tc23.6,2.1,48.7,3.5,103.4-2.5c54.7-6,106.2-25.6,106.2-25.6V0H0v30.3c0,0,72,32.6,158.4,30.5c39.2-0.7,92.8-6.7,134-22.4\tc21.2-8.1,52.2-18.2,79.7-24.2C399.3,7.9,411.6,7.5,421.9,6.5z\"\/>\n<\/svg>\t\t<\/div>\n\t\t\t\t\t<div class=\"elementor-container elementor-column-gap-default\">\n\t\t\t\t\t<div class=\"elementor-column elementor-col-100 elementor-top-column elementor-element elementor-element-3b778794\" data-id=\"3b778794\" data-element_type=\"column\">\n\t\t\t<div class=\"elementor-widget-wrap elementor-element-populated\">\n\t\t\t\t\t\t<div class=\"elementor-element elementor-element-21376557 elementor-widget elementor-widget-heading\" data-id=\"21376557\" data-element_type=\"widget\" data-widget_type=\"heading.default\">\n\t\t\t\t<div class=\"elementor-widget-container\">\n\t\t\t<h1 class=\"elementor-heading-title elementor-size-default\">J\u016bsu dati, j\u016bsu priv\u0101tums<\/h1>\t\t<\/div>\n\t\t\t\t<\/div>\n\t\t\t\t<div class=\"elementor-element elementor-element-1675c7cf elementor-widget elementor-widget-heading\" data-id=\"1675c7cf\" data-element_type=\"widget\" data-widget_type=\"heading.default\">\n\t\t\t\t<div class=\"elementor-widget-container\">\n\t\t\t<h3 class=\"elementor-heading-title elementor-size-default\">M\u0113s cien\u0101m j\u016bsu datu priv\u0101tumu<\/h3>\t\t<\/div>\n\t\t\t\t<\/div>\n\t\t\t\t\t<\/div>\n\t\t<\/div>\n\t\t\t\t\t<\/div>\n\t\t<\/section>\n\t\t\t\t<section class=\"elementor-section elementor-top-section elementor-element elementor-element-35081b46 elementor-section-content-middle elementor-section-boxed elementor-section-height-default elementor-section-height-default\" data-id=\"35081b46\" data-element_type=\"section\">\n\t\t\t\t\t\t<div class=\"elementor-container elementor-column-gap-no\">\n\t\t\t\t\t<div class=\"elementor-column elementor-col-100 elementor-top-column elementor-element elementor-element-205daf73\" data-id=\"205daf73\" data-element_type=\"column\">\n\t\t\t<div class=\"elementor-widget-wrap elementor-element-populated\">\n\t\t\t\t\t\t<div class=\"elementor-element elementor-element-3a285847 elementor-widget elementor-widget-heading\" data-id=\"3a285847\" data-element_type=\"widget\" data-widget_type=\"heading.default\">\n\t\t\t\t<div class=\"elementor-widget-container\">\n\t\t\t<h2 class=\"elementor-heading-title elementor-size-default\">Priv\u0101tuma politika<\/h2>\t\t<\/div>\n\t\t\t\t<\/div>\n\t\t\t\t<section class=\"elementor-section elementor-inner-section elementor-element elementor-element-5f942f9d elementor-section-content-top elementor-section-boxed elementor-section-height-default elementor-section-height-default\" data-id=\"5f942f9d\" data-element_type=\"section\">\n\t\t\t\t\t\t<div class=\"elementor-container elementor-column-gap-no\">\n\t\t\t\t\t<div class=\"elementor-column elementor-col-50 elementor-inner-column elementor-element elementor-element-42f44a0b\" data-id=\"42f44a0b\" data-element_type=\"column\">\n\t\t\t<div class=\"elementor-widget-wrap elementor-element-populated\">\n\t\t\t\t\t\t<div class=\"elementor-element elementor-element-83ba08e elementor-widget elementor-widget-heading\" data-id=\"83ba08e\" data-element_type=\"widget\" data-widget_type=\"heading.default\">\n\t\t\t\t<div class=\"elementor-widget-container\">\n\t\t\t<h4 class=\"elementor-heading-title elementor-size-default\">Visp\u0101r\u012bgie noteikumi<\/h4>\t\t<\/div>\n\t\t\t\t<\/div>\n\t\t\t\t<div class=\"elementor-element elementor-element-2ee6c224 elementor-widget elementor-widget-text-editor\" data-id=\"2ee6c224\" data-element_type=\"widget\" data-widget_type=\"text-editor.default\">\n\t\t\t\t<div class=\"elementor-widget-container\">\n\t\t\t\t\t\t\tTie\u0161saistes priv\u0101tuma politika, pamata konfidencialit\u0101tes un priv\u0101tuma politika un intere\u0161u izgl\u012bt\u012bbas iest\u0101de \u201cEiropas Programm\u0113\u0161anas skola\u201d (LR IZM re\u0123istr\u0101cijas Nr. 3351803339), ko izveidojusi SIA Riga International Tuition Centre , kas str\u0101d\u0101 ar re\u0123istr\u0113to pre\u010du z\u012bmi \u201cDatorium\u201d (turpm\u0101k - Datorium), respekt\u0113 sekojot t\u0101diem personas datiem k\u0101 v\u0101rds, pasta un e-pasta adrese vai t\u0101lru\u0146a numurs, priv\u0101tums un konfidencialit\u0101te. \u0160\u0101d\u0101 veid\u0101 sniegt\u0101 person\u012bg\u0101 inform\u0101cija tiek glab\u0101ta dro\u0161\u0101 viet\u0101, ir pieejama tikai \u012bpa\u0161i nor\u012bkotiem darbiniekiem vai pilnvarotiem p\u0101rst\u0101vjiem, un t\u0101 tiek izmantota tikai m\u016bsu produktu p\u0101rdo\u0161anai vai lab\u0101kam klientu apkalpo\u0161anai. Datorium neizpau\u017e personisko inform\u0101ciju cit\u0101m organiz\u0101cij\u0101m, ja vien vi\u0146i par to nav inform\u0113ti re\u0123istr\u0101cijas procesa laik\u0101.\t\t\t\t\t\t<\/div>\n\t\t\t\t<\/div>\n\t\t\t\t<div class=\"elementor-element elementor-element-6f1071d elementor-widget elementor-widget-heading\" data-id=\"6f1071d\" data-element_type=\"widget\" data-widget_type=\"heading.default\">\n\t\t\t\t<div class=\"elementor-widget-container\">\n\t\t\t<h4 class=\"elementor-heading-title elementor-size-default\">Inform\u0101cijas v\u0101k\u0161ana<\/h4>\t\t<\/div>\n\t\t\t\t<\/div>\n\t\t\t\t<div class=\"elementor-element elementor-element-fee0a87 elementor-widget elementor-widget-text-editor\" data-id=\"fee0a87\" data-element_type=\"widget\" data-widget_type=\"text-editor.default\">\n\t\t\t\t<div class=\"elementor-widget-container\">\n\t\t\t\t\t\t\t<p>P\u0101rl\u016bkojot Datorium vietni, j\u016bs to dar\u0101t anon\u012bmi. Person\u012bg\u0101 inform\u0101cija nav re\u0123istr\u0113ta. Tom\u0113r da\u017e\u0101s m\u016bsu viet\u0146u da\u013c\u0101s var l\u016bgt j\u016bs br\u012bvpr\u0101t\u012bgi sniegt mums savu personisko inform\u0101ciju, tostarp v\u0101rdu, e-pasta adresi un t\u0101 t\u0101l\u0101k. \u0160o datu izmanto\u0161ana ir paredz\u0113ta sarakstei, vietnes re\u0123istr\u0113\u0161anai, pirkumiem vai dal\u012bbai tie\u0161saistes p\u0113t\u012bjumos. Datorium var izveidot ar\u012b elektroniskos sakarus, pied\u0101v\u0101jot j\u016bs savienot ar m\u016bsu klientu apkalpo\u0161anas noda\u013cu, t\u012bmek\u013ca p\u0101rzini vai citiem. To var izmantot tikai Datorium ietvaros, lai v\u0113l vair\u0101k uzlabotu m\u016bsu klientu apkalpo\u0161anu. Datorium var izsekot sav\u0101m vietn\u0113m, lai ieg\u016btu inform\u0101ciju par apmekl\u0113jumiem. Piem\u0113ram, tiek re\u0123istr\u0113ta statistika, kas par\u0101da vietnes ikdienas apmekl\u0113t\u0101ju skaitu, dienu piepras\u012bjumu skaitu, kas sa\u0146emti par konkr\u0113tiem lapas failiem, un valstis, no kur\u0101m piepras\u012bjums tika izpild\u012bts. \u0160is statistikas kopums tiek izmantots, lai vietni piel\u0101gotu un uztur\u0113tu klientu vajadz\u012bb\u0101m, ta\u010du statistik\u0101 nav un nevar iek\u013caut personisko inform\u0101ciju. Past\u0101v tehnolo\u0123ija, ko sauc par s\u012bkdatn\u0113m un kuras izmanto, lai sniegtu jums atbilsto\u0161u inform\u0101ciju no vietnes. S\u012bkfails ir datu gabals, ko vietne var nos\u016bt\u012bt j\u016bsu p\u0101rl\u016bkprogrammai un p\u0113c tam saglab\u0101t j\u016bsu sist\u0113m\u0101. Da\u017eas Datorium vietnes var izmantot \u201cs\u012bkfailus\u201d vai \u201cpikse\u013cu tagus\u201d. S\u012bkfails ir datu gabals, ko vietne var nos\u016bt\u012bt j\u016bsu p\u0101rl\u016bkprogrammai un p\u0113c tam saglab\u0101t j\u016bsu sist\u0113m\u0101.<\/p>\t\t\t\t\t\t<\/div>\n\t\t\t\t<\/div>\n\t\t\t\t\t<\/div>\n\t\t<\/div>\n\t\t\t\t<div class=\"elementor-column elementor-col-50 elementor-inner-column elementor-element elementor-element-5394bfe6\" data-id=\"5394bfe6\" data-element_type=\"column\">\n\t\t\t<div class=\"elementor-widget-wrap elementor-element-populated\">\n\t\t\t\t\t\t<div class=\"elementor-element elementor-element-ec7a5f2 elementor-widget elementor-widget-text-editor\" data-id=\"ec7a5f2\" data-element_type=\"widget\" data-widget_type=\"text-editor.default\">\n\t\t\t\t<div class=\"elementor-widget-container\">\n\t\t\t\t\t\t\tS\u012bkdatnes \u013cauj mums lab\u0101k apkalpot viet\u0146u apmekl\u0113t\u0101jus, piel\u0101gojot lapu tie\u0161i \u0161im lietot\u0101jam. Pikse\u013cu tagi (t\u012bmek\u013ca b\u0101ksign\u0101ls, uzman\u012bbas centr\u0101les tags, pikse\u013cu tags) tiek izmantoti, lai identific\u0113tu unik\u0101lus s\u012bkfailus un pal\u012bdz\u0113tu mums noteikt, kura rekl\u0101ma ieved lietot\u0101jus noteikt\u0101 vietn\u0113. J\u016bs varat iestat\u012bt p\u0101rl\u016bkprogrammu, lai t\u0101 jums br\u012bdin\u0101tu, kad tiek sa\u0146emts s\u012bkfails, dodot iesp\u0113ju to pie\u0146emt vai nepie\u0146emt. Ja izv\u0113l\u0113sities neat\u013caut s\u012bkfailus, tiks atsp\u0113joti ar\u012b pikse\u013cu tagi. Inform\u0101cija, kas ieg\u016bta, izmantojot gan s\u012bkfailus, gan pikse\u013cu tagus, ir anon\u012bma un nav person\u012bgi identific\u0113jama. Ieg\u016bt\u0101 inform\u0101cija neietver j\u016bsu v\u0101rdu, adresi, t\u0101lru\u0146a numuru vai e-pasta adresi.\t\t\t\t\t\t<\/div>\n\t\t\t\t<\/div>\n\t\t\t\t<div class=\"elementor-element elementor-element-aa8d1c7 elementor-widget elementor-widget-heading\" data-id=\"aa8d1c7\" data-element_type=\"widget\" data-widget_type=\"heading.default\">\n\t\t\t\t<div class=\"elementor-widget-container\">\n\t\t\t<h4 class=\"elementor-heading-title elementor-size-default\">Inform\u0101cijas izmanto\u0161ana<\/h4>\t\t<\/div>\n\t\t\t\t<\/div>\n\t\t\t\t<div class=\"elementor-element elementor-element-04e6386 elementor-widget elementor-widget-text-editor\" data-id=\"04e6386\" data-element_type=\"widget\" data-widget_type=\"text-editor.default\">\n\t\t\t\t<div class=\"elementor-widget-container\">\n\t\t\t\t\t\t\tDatorium var izmantot j\u016bsu sniegto inform\u0101ciju, piem\u0113ram, lai uzlabotu klientu apkalpo\u0161anu, nov\u0113rt\u0113tu klientu interesi par m\u016bsu produktiem un pakalpojumiem vai inform\u0113tu lietot\u0101jus par jauniem produktiem un programm\u0101m. \u0160ie pied\u0101v\u0101jumi var b\u016bt balst\u012bti uz inform\u0101ciju, kas ieg\u016bta no p\u0113t\u012bjumiem, inform\u0101ciju, kas par\u0101da pirkumu izv\u0113li, vai e-pastu, kas sa\u0146emts no Datorium vietnes. Jebkur\u0161 saraksts, ko izmanto, lai nos\u016bt\u012btu jums produktu vai pakalpojumu pied\u0101v\u0101jumus, tiek izveidots un uztur\u0113ts saska\u0146\u0101 ar stingriem noteikumiem par klientu personisk\u0101s inform\u0101cijas dro\u0161\u012bbu un konfidencialit\u0101ti. J\u016bs jebkur\u0101 laik\u0101 varat piepras\u012bt savu person\u012bgo datu kopiju, ja tie ir laboti vai izdz\u0113sti no m\u016bsu datu b\u0101zes.\t\t\t\t\t\t<\/div>\n\t\t\t\t<\/div>\n\t\t\t\t<div class=\"elementor-element elementor-element-6cffd0d7 elementor-widget elementor-widget-heading\" data-id=\"6cffd0d7\" data-element_type=\"widget\" data-widget_type=\"heading.default\">\n\t\t\t\t<div class=\"elementor-widget-container\">\n\t\t\t<h4 class=\"elementor-heading-title elementor-size-default\">\nInform\u0101cijas izpau\u0161ana<\/h4>\t\t<\/div>\n\t\t\t\t<\/div>\n\t\t\t\t<div class=\"elementor-element elementor-element-809ec2f elementor-widget elementor-widget-text-editor\" data-id=\"809ec2f\" data-element_type=\"widget\" data-widget_type=\"text-editor.default\">\n\t\t\t\t<div class=\"elementor-widget-container\">\n\t\t\t\t\t\t\tT\u0101 k\u0101 Datorium r\u012bc\u012bb\u0101 eso\u0161\u0101 individu\u0101l\u0101 inform\u0101cija tiek uzskat\u012bta par konfidenci\u0101lu, m\u016bsu politika neizpau\u017e tie\u0161saist\u0113 ieg\u016bto personisko inform\u0101ciju tre\u0161aj\u0101m person\u0101m, ja vien to neprasa ties\u012bbaizsardz\u012bbas iest\u0101des, lai veiktu juridisku vai vald\u012bbas izmekl\u0113\u0161anu vai krimin\u0101lvaj\u0101\u0161anu. Datorium nep\u0101rdod, neiznom\u0101 un nenodod personisko inform\u0101ciju citiem uz\u0146\u0113mumiem.\t\t\t\t\t\t<\/div>\n\t\t\t\t<\/div>\n\t\t\t\t<div class=\"elementor-element elementor-element-ee0e4fa elementor-widget elementor-widget-heading\" data-id=\"ee0e4fa\" data-element_type=\"widget\" data-widget_type=\"heading.default\">\n\t\t\t\t<div class=\"elementor-widget-container\">\n\t\t\t<h4 class=\"elementor-heading-title elementor-size-default\">Citas vietnes<\/h4>\t\t<\/div>\n\t\t\t\t<\/div>\n\t\t\t\t<div class=\"elementor-element elementor-element-e33613e elementor-widget elementor-widget-text-editor\" data-id=\"e33613e\" data-element_type=\"widget\" data-widget_type=\"text-editor.default\">\n\t\t\t\t<div class=\"elementor-widget-container\">\n\t\t\t\t\t\t\tDatorium vietn\u0113s var b\u016bt saites uz cit\u0101m vietn\u0113m, un m\u0113s veicam nepiecie\u0161amos pas\u0101kumus, lai izveidotu savienojumu tikai ar t\u0101m vietn\u0113m, kur\u0101m ir vien\u0101di augsti standarti un tiek iev\u0113rota priv\u0101tuma aizsardz\u012bba. Tom\u0113r m\u0113s neesam atbild\u012bgi par citu viet\u0146u saturu vai priv\u0101tuma politiku.\t\t\t\t\t\t<\/div>\n\t\t\t\t<\/div>\n\t\t\t\t\t<\/div>\n\t\t<\/div>\n\t\t\t\t\t<\/div>\n\t\t<\/section>\n\t\t\t\t\t<\/div>\n\t\t<\/div>\n\t\t\t\t\t<\/div>\n\t\t<\/section>\n\t\t\t\t<\/div>","protected":false},"excerpt":{"rendered":"<p>J\u016bsu dati, j\u016bsu priv\u0101tums M\u0113s respekt\u0113jam j\u016bsu datu priv\u0101tumu Priv\u0101tuma politika Visp\u0101r\u012bg\u0101 klauzula SIA Riga International Tuition Center (LR IZM re\u0123istr\u0101cijas Nr. 3351803339) izveidot\u0101 tie\u0161saistes priv\u0101tuma politika, konfidencialit\u0101tes un priv\u0101tuma pamatties\u012bbas un intere\u0161u izgl\u012bt\u012bbas iest\u0101de \u201cEiropas programm\u0113\u0161anas skola\u201d ), str\u0101d\u0101jot ar re\u0123istr\u0113to pre\u010du z\u012bmi \u201cDatorium\u201d (turpm\u0101k - Datorium), iev\u0113rojiet [\u2026]<\/p>","protected":false},"author":1,"featured_media":0,"parent":0,"menu_order":0,"comment_status":"closed","ping_status":"closed","template":"","meta":[],"_links":{"self":[{"href":"https:\/\/datorium.eu\/lv\/wp-json\/wp\/v2\/pages\/1478"}],"collection":[{"href":"https:\/\/datorium.eu\/lv\/wp-json\/wp\/v2\/pages"}],"about":[{"href":"https:\/\/datorium.eu\/lv\/wp-json\/wp\/v2\/types\/page"}],"author":[{"embeddable":true,"href":"https:\/\/datorium.eu\/lv\/wp-json\/wp\/v2\/users\/1"}],"replies":[{"embeddable":true,"href":"https:\/\/datorium.eu\/lv\/wp-json\/wp\/v2\/comments?post=1478"}],"version-history":[{"count":0,"href":"https:\/\/datorium.eu\/lv\/wp-json\/wp\/v2\/pages\/1478\/revisions"}],"wp:attachment":[{"href":"https:\/\/datorium.eu\/lv\/wp-json\/wp\/v2\/media?parent=1478"}],"curies":[{"name":"wp","href":"https:\/\/api.w.org\/{rel}","templated":true}]}}