{"id":1591,"date":"2020-08-10T21:06:21","date_gmt":"2020-08-10T18:06:21","guid":{"rendered":"https:\/\/datorium.eu\/unsubscribe\/"},"modified":"2020-08-10T21:06:21","modified_gmt":"2020-08-10T18:06:21","slug":"unsubscribe","status":"publish","type":"page","link":"https:\/\/datorium.eu\/lv\/unsubscribe\/","title":{"rendered":"Anul\u0113t abonementu"},"content":{"rendered":"<p>Sveiki, [bwfan_subscriber_name]!<br \/>\nAtvainojiet, bet zin\u0101t, ka nev\u0113laties sa\u0146emt nek\u0101dus rekl\u0101mas materi\u0101lus.<br \/>\nAtteikties [bwfan_subscriber_recipient] no vietnes rekl\u0101mas materi\u0101liem.<br \/>\n[bwfan_unsubscribe_button]<\/p>","protected":false},"excerpt":{"rendered":"<p>Sveiki, [bwfan_subscriber_name]! Atvainojiet, bet j\u016bs nev\u0113laties sa\u0146emt nek\u0101dus rekl\u0101mas materi\u0101lus. Anul\u0113jiet [bwfan_subscriber_recipient] vietnes rekl\u0101mas materi\u0101lu abonementu. [bwfan_unsubscribe_button]<\/p>","protected":false},"author":1,"featured_media":0,"parent":0,"menu_order":0,"comment_status":"closed","ping_status":"closed","template":"","meta":[],"_links":{"self":[{"href":"https:\/\/datorium.eu\/lv\/wp-json\/wp\/v2\/pages\/1591"}],"collection":[{"href":"https:\/\/datorium.eu\/lv\/wp-json\/wp\/v2\/pages"}],"about":[{"href":"https:\/\/datorium.eu\/lv\/wp-json\/wp\/v2\/types\/page"}],"author":[{"embeddable":true,"href":"https:\/\/datorium.eu\/lv\/wp-json\/wp\/v2\/users\/1"}],"replies":[{"embeddable":true,"href":"https:\/\/datorium.eu\/lv\/wp-json\/wp\/v2\/comments?post=1591"}],"version-history":[{"count":0,"href":"https:\/\/datorium.eu\/lv\/wp-json\/wp\/v2\/pages\/1591\/revisions"}],"wp:attachment":[{"href":"https:\/\/datorium.eu\/lv\/wp-json\/wp\/v2\/media?parent=1591"}],"curies":[{"name":"wp","href":"https:\/\/api.w.org\/{rel}","templated":true}]}}