{"id":2181,"date":"2020-09-22T12:57:16","date_gmt":"2020-09-22T09:57:16","guid":{"rendered":"https:\/\/datorium.eu\/?page_id=2181"},"modified":"2020-09-22T13:24:07","modified_gmt":"2020-09-22T10:24:07","slug":"baltic-coding-day","status":"publish","type":"page","link":"https:\/\/datorium.eu\/lv\/baltic-coding-day\/","title":{"rendered":"Baltijas kod\u0113\u0161anas diena"},"content":{"rendered":"<div data-elementor-type=\"wp-page\" data-elementor-id=\"2181\" class=\"elementor elementor-2181\">\n\t\t\t\t\t\t<section class=\"elementor-section elementor-top-section elementor-element elementor-element-4170a9b4 elementor-section-height-min-height elementor-section-boxed elementor-section-height-default elementor-section-items-middle\" data-id=\"4170a9b4\" data-element_type=\"section\" data-settings=\"{&quot;background_background&quot;:&quot;gradient&quot;,&quot;shape_divider_bottom&quot;:&quot;waves&quot;}\">\n\t\t\t\t\t\t\t<div class=\"elementor-background-overlay\"><\/div>\n\t\t\t\t\t\t<div class=\"elementor-shape elementor-shape-bottom\" data-negative=\"false\">\n\t\t\t<svg xmlns=\"http:\/\/www.w3.org\/2000\/svg\" viewbox=\"0 0 1000 100\" preserveaspectratio=\"none\">\n\t<path class=\"elementor-shape-fill\" d=\"M421.9,6.5c22.6-2.5,51.5,0.4,75.5,5.3c23.6,4.9,70.9,23.5,100.5,35.7c75.8,32.2,133.7,44.5,192.6,49.7\tc23.6,2.1,48.7,3.5,103.4-2.5c54.7-6,106.2-25.6,106.2-25.6V0H0v30.3c0,0,72,32.6,158.4,30.5c39.2-0.7,92.8-6.7,134-22.4\tc21.2-8.1,52.2-18.2,79.7-24.2C399.3,7.9,411.6,7.5,421.9,6.5z\"\/>\n<\/svg>\t\t<\/div>\n\t\t\t\t\t<div class=\"elementor-container elementor-column-gap-default\">\n\t\t\t\t\t<div class=\"elementor-column elementor-col-100 elementor-top-column elementor-element elementor-element-23c2b033\" data-id=\"23c2b033\" data-element_type=\"column\">\n\t\t\t<div class=\"elementor-widget-wrap elementor-element-populated\">\n\t\t\t\t\t\t<div class=\"elementor-element elementor-element-6cc0d633 elementor-widget elementor-widget-heading\" data-id=\"6cc0d633\" data-element_type=\"widget\" data-widget_type=\"heading.default\">\n\t\t\t\t<div class=\"elementor-widget-container\">\n\t\t\t<h1 class=\"elementor-heading-title elementor-size-default\">Baltijas kod\u0113\u0161anas diena\u00a02020<\/h1>\t\t<\/div>\n\t\t\t\t<\/div>\n\t\t\t\t<div class=\"elementor-element elementor-element-4689fb4d elementor-widget elementor-widget-heading\" data-id=\"4689fb4d\" data-element_type=\"widget\" data-widget_type=\"heading.default\">\n\t\t\t\t<div class=\"elementor-widget-container\">\n\t\t\t<h3 class=\"elementor-heading-title elementor-size-default\">20. oktobris<\/h3>\t\t<\/div>\n\t\t\t\t<\/div>\n\t\t\t\t\t<\/div>\n\t\t<\/div>\n\t\t\t\t\t<\/div>\n\t\t<\/section>\n\t\t\t\t<section class=\"elementor-section elementor-top-section elementor-element elementor-element-6193144d elementor-section-height-min-height elementor-section-boxed elementor-section-height-default elementor-section-items-middle\" data-id=\"6193144d\" data-element_type=\"section\" data-settings=\"{&quot;background_background&quot;:&quot;classic&quot;}\">\n\t\t\t\t\t\t\t<div class=\"elementor-background-overlay\"><\/div>\n\t\t\t\t\t\t\t<div class=\"elementor-container elementor-column-gap-default\">\n\t\t\t\t\t<div class=\"elementor-column elementor-col-50 elementor-top-column elementor-element elementor-element-433047d1\" data-id=\"433047d1\" data-element_type=\"column\">\n\t\t\t<div class=\"elementor-widget-wrap elementor-element-populated\">\n\t\t\t\t\t\t<div class=\"elementor-element elementor-element-5ed50e0 elementor-widget elementor-widget-heading\" data-id=\"5ed50e0\" data-element_type=\"widget\" data-widget_type=\"heading.default\">\n\t\t\t\t<div class=\"elementor-widget-container\">\n\t\t\t<h2 class=\"elementor-heading-title elementor-size-default\">Viena diena Tr\u012bs valstis<\/h2>\t\t<\/div>\n\t\t\t\t<\/div>\n\t\t\t\t<div class=\"elementor-element elementor-element-3c6f2e9e elementor-widget elementor-widget-text-editor\" data-id=\"3c6f2e9e\" data-element_type=\"widget\" data-widget_type=\"text-editor.default\">\n\t\t\t\t<div class=\"elementor-widget-container\">\n\t\t\t\t\t\t\t<p>Baltijas kod\u0113\u0161anas dienas m\u0113r\u0137is ir veicin\u0101t izpratni par kod\u0113\u0161anas un digit\u0101lo prasmju noz\u012bmi un dot iesp\u0113ju ikvienam Baltijas valst\u012bs piedal\u012bties bezmaksas tehnolo\u0123iju un kod\u0113\u0161anas pas\u0101kumos sav\u0101s valod\u0101s.<\/p>\t\t\t\t\t\t<\/div>\n\t\t\t\t<\/div>\n\t\t\t\t\t<\/div>\n\t\t<\/div>\n\t\t\t\t<div class=\"elementor-column elementor-col-50 elementor-top-column elementor-element elementor-element-e0ba481\" data-id=\"e0ba481\" data-element_type=\"column\">\n\t\t\t<div class=\"elementor-widget-wrap elementor-element-populated\">\n\t\t\t\t\t\t<div class=\"elementor-element elementor-element-eb8a26b elementor-widget elementor-widget-image\" data-id=\"eb8a26b\" data-element_type=\"widget\" data-widget_type=\"image.default\">\n\t\t\t\t<div class=\"elementor-widget-container\">\n\t\t\t\t\t\t\t\t\t\t\t\t\t<img fetchpriority=\"high\" decoding=\"async\" width=\"212\" height=\"300\" src=\"data:image\/gif;base64,R0lGODlhAQABAIAAAAAAAP\/\/\/yH5BAEAAAAALAAAAAABAAEAAAIBRAA7\" data-src=\"https:\/\/datorium.eu\/wp-content\/uploads\/2020\/09\/baltic_coding_day_banner-212x300.jpg\" class=\"attachment-medium size-medium wp-image-2183 lazyload\" alt=\"Baltijas kod\u0113\u0161anas diena\" data-srcset=\"https:\/\/datorium.eu\/wp-content\/uploads\/2020\/09\/baltic_coding_day_banner-212x300.jpg 212w, https:\/\/datorium.eu\/wp-content\/uploads\/2020\/09\/baltic_coding_day_banner-724x1024.jpg 724w, https:\/\/datorium.eu\/wp-content\/uploads\/2020\/09\/baltic_coding_day_banner-768x1086.jpg 768w, https:\/\/datorium.eu\/wp-content\/uploads\/2020\/09\/baltic_coding_day_banner-1086x1536.jpg 1086w, https:\/\/datorium.eu\/wp-content\/uploads\/2020\/09\/baltic_coding_day_banner-300x424.jpg 300w, https:\/\/datorium.eu\/wp-content\/uploads\/2020\/09\/baltic_coding_day_banner.jpg 1131w\" sizes=\"(max-width: 212px) 100vw, 212px\" \/><noscript><img fetchpriority=\"high\" decoding=\"async\" width=\"212\" height=\"300\" src=\"https:\/\/datorium.eu\/wp-content\/uploads\/2020\/09\/baltic_coding_day_banner-212x300.jpg\" class=\"attachment-medium size-medium wp-image-2183 lazyload\" alt=\"Baltijas kod\u0113\u0161anas diena\" srcset=\"https:\/\/datorium.eu\/wp-content\/uploads\/2020\/09\/baltic_coding_day_banner-212x300.jpg 212w, https:\/\/datorium.eu\/wp-content\/uploads\/2020\/09\/baltic_coding_day_banner-724x1024.jpg 724w, https:\/\/datorium.eu\/wp-content\/uploads\/2020\/09\/baltic_coding_day_banner-768x1086.jpg 768w, https:\/\/datorium.eu\/wp-content\/uploads\/2020\/09\/baltic_coding_day_banner-1086x1536.jpg 1086w, https:\/\/datorium.eu\/wp-content\/uploads\/2020\/09\/baltic_coding_day_banner-300x424.jpg 300w, https:\/\/datorium.eu\/wp-content\/uploads\/2020\/09\/baltic_coding_day_banner.jpg 1131w\" sizes=\"(max-width: 212px) 100vw, 212px\" \/><\/noscript>\t\t\t\t\t\t\t\t\t\t\t\t\t<\/div>\n\t\t\t\t<\/div>\n\t\t\t\t\t<\/div>\n\t\t<\/div>\n\t\t\t\t\t<\/div>\n\t\t<\/section>\n\t\t\t\t<section class=\"elementor-section elementor-top-section elementor-element elementor-element-46d862d elementor-section-boxed elementor-section-height-default elementor-section-height-default\" data-id=\"46d862d\" data-element_type=\"section\">\n\t\t\t\t\t\t<div class=\"elementor-container elementor-column-gap-default\">\n\t\t\t\t\t<div class=\"elementor-column elementor-col-100 elementor-top-column elementor-element elementor-element-845cf57\" data-id=\"845cf57\" data-element_type=\"column\">\n\t\t\t<div class=\"elementor-widget-wrap\">\n\t\t\t\t\t\t\t<\/div>\n\t\t<\/div>\n\t\t\t\t\t<\/div>\n\t\t<\/section>\n\t\t\t\t<section class=\"elementor-section elementor-top-section elementor-element elementor-element-32bacb76 elementor-section-boxed elementor-section-height-default elementor-section-height-default\" data-id=\"32bacb76\" data-element_type=\"section\" data-settings=\"{&quot;background_background&quot;:&quot;gradient&quot;,&quot;shape_divider_top&quot;:&quot;waves&quot;}\">\n\t\t\t\t\t\t\t<div class=\"elementor-background-overlay\"><\/div>\n\t\t\t\t\t\t<div class=\"elementor-shape elementor-shape-top\" data-negative=\"false\">\n\t\t\t<svg xmlns=\"http:\/\/www.w3.org\/2000\/svg\" viewbox=\"0 0 1000 100\" preserveaspectratio=\"none\">\n\t<path class=\"elementor-shape-fill\" d=\"M421.9,6.5c22.6-2.5,51.5,0.4,75.5,5.3c23.6,4.9,70.9,23.5,100.5,35.7c75.8,32.2,133.7,44.5,192.6,49.7\tc23.6,2.1,48.7,3.5,103.4-2.5c54.7-6,106.2-25.6,106.2-25.6V0H0v30.3c0,0,72,32.6,158.4,30.5c39.2-0.7,92.8-6.7,134-22.4\tc21.2-8.1,52.2-18.2,79.7-24.2C399.3,7.9,411.6,7.5,421.9,6.5z\"\/>\n<\/svg>\t\t<\/div>\n\t\t\t\t\t<div class=\"elementor-container elementor-column-gap-default\">\n\t\t\t\t\t<div class=\"elementor-column elementor-col-50 elementor-top-column elementor-element elementor-element-5d250aa2\" data-id=\"5d250aa2\" data-element_type=\"column\">\n\t\t\t<div class=\"elementor-widget-wrap elementor-element-populated\">\n\t\t\t\t\t\t<div class=\"elementor-element elementor-element-43cb3ed5 elementor-widget elementor-widget-heading\" data-id=\"43cb3ed5\" data-element_type=\"widget\" data-widget_type=\"heading.default\">\n\t\t\t\t<div class=\"elementor-widget-container\">\n\t\t\t<h4 class=\"elementor-heading-title elementor-size-default\">Vietas vietas teksts<\/h4>\t\t<\/div>\n\t\t\t\t<\/div>\n\t\t\t\t<div class=\"elementor-element elementor-element-5dbd4683 elementor-widget elementor-widget-heading\" data-id=\"5dbd4683\" data-element_type=\"widget\" data-widget_type=\"heading.default\">\n\t\t\t\t<div class=\"elementor-widget-container\">\n\t\t\t<h2 class=\"elementor-heading-title elementor-size-default\">V\u0113l viens vietturis teksts<\/h2>\t\t<\/div>\n\t\t\t\t<\/div>\n\t\t\t\t<div class=\"elementor-element elementor-element-72eaba43 elementor-mobile-align-center elementor-widget elementor-widget-button\" data-id=\"72eaba43\" data-element_type=\"widget\" data-widget_type=\"button.default\">\n\t\t\t\t<div class=\"elementor-widget-container\">\n\t\t\t\t\t<div class=\"elementor-button-wrapper\">\n\t\t\t<a class=\"elementor-button elementor-button-link elementor-size-md\" href=\"https:\/\/datorium.eu\/lv\/contact\/\">\n\t\t\t\t\t\t<span class=\"elementor-button-content-wrapper\">\n\t\t\t\t\t\t<span class=\"elementor-button-icon elementor-align-icon-right\">\n\t\t\t\t<i aria-hidden=\"true\" class=\"fas fa-arrow-right\"><\/i>\t\t\t<\/span>\n\t\t\t\t\t\t<span class=\"elementor-button-text\">Sazinies ar mums<\/span>\n\t\t<\/span>\n\t\t\t\t\t<\/a>\n\t\t<\/div>\n\t\t\t\t<\/div>\n\t\t\t\t<\/div>\n\t\t\t\t\t<\/div>\n\t\t<\/div>\n\t\t\t\t<div class=\"elementor-column elementor-col-50 elementor-top-column elementor-element elementor-element-1570ab73\" data-id=\"1570ab73\" data-element_type=\"column\">\n\t\t\t<div class=\"elementor-widget-wrap elementor-element-populated\">\n\t\t\t\t\t\t<div class=\"elementor-element elementor-element-4d751b35 elementor-widget elementor-widget-image\" data-id=\"4d751b35\" data-element_type=\"widget\" data-settings=\"{&quot;motion_fx_motion_fx_scrolling&quot;:&quot;yes&quot;,&quot;motion_fx_translateY_effect&quot;:&quot;yes&quot;,&quot;motion_fx_translateY_direction&quot;:&quot;negative&quot;,&quot;motion_fx_translateY_speed&quot;:{&quot;unit&quot;:&quot;px&quot;,&quot;size&quot;:&quot;1&quot;,&quot;sizes&quot;:[]},&quot;motion_fx_devices&quot;:[&quot;desktop&quot;,&quot;tablet&quot;],&quot;motion_fx_translateY_affectedRange&quot;:{&quot;unit&quot;:&quot;%&quot;,&quot;size&quot;:&quot;&quot;,&quot;sizes&quot;:{&quot;start&quot;:&quot;0&quot;,&quot;end&quot;:&quot;50&quot;}}}\" data-widget_type=\"image.default\">\n\t\t\t\t<div class=\"elementor-widget-container\">\n\t\t\t\t\t\t\t\t\t\t\t\t\t<img decoding=\"async\" width=\"1080\" height=\"810\" src=\"data:image\/gif;base64,R0lGODlhAQABAIAAAAAAAP\/\/\/yH5BAEAAAAALAAAAAABAAEAAAIBRAA7\" data-src=\"https:\/\/datorium.eu\/wp-content\/uploads\/2020\/04\/RFL-with-watermak.jpg\" class=\"attachment-full size-full wp-image-291 lazyload\" alt=\"\" data-srcset=\"https:\/\/datorium.eu\/wp-content\/uploads\/2020\/04\/RFL-with-watermak.jpg 1080w, https:\/\/datorium.eu\/wp-content\/uploads\/2020\/04\/RFL-with-watermak-300x225.jpg 300w, https:\/\/datorium.eu\/wp-content\/uploads\/2020\/04\/RFL-with-watermak-1024x768.jpg 1024w, https:\/\/datorium.eu\/wp-content\/uploads\/2020\/04\/RFL-with-watermak-768x576.jpg 768w\" sizes=\"(max-width: 1080px) 100vw, 1080px\" \/><noscript><img decoding=\"async\" width=\"1080\" height=\"810\" src=\"https:\/\/datorium.eu\/wp-content\/uploads\/2020\/04\/RFL-with-watermak.jpg\" class=\"attachment-full size-full wp-image-291 lazyload\" alt=\"\" srcset=\"https:\/\/datorium.eu\/wp-content\/uploads\/2020\/04\/RFL-with-watermak.jpg 1080w, https:\/\/datorium.eu\/wp-content\/uploads\/2020\/04\/RFL-with-watermak-300x225.jpg 300w, https:\/\/datorium.eu\/wp-content\/uploads\/2020\/04\/RFL-with-watermak-1024x768.jpg 1024w, https:\/\/datorium.eu\/wp-content\/uploads\/2020\/04\/RFL-with-watermak-768x576.jpg 768w\" sizes=\"(max-width: 1080px) 100vw, 1080px\" \/><\/noscript>\t\t\t\t\t\t\t\t\t\t\t\t\t<\/div>\n\t\t\t\t<\/div>\n\t\t\t\t\t<\/div>\n\t\t<\/div>\n\t\t\t\t\t<\/div>\n\t\t<\/section>\n\t\t\t\t<\/div>","protected":false},"excerpt":{"rendered":"<p>Baltijas kod\u0113\u0161anas diena 2020 20. oktobris Viena diena Tr\u012bs valstis Baltijas Kod\u0113\u0161anas dienas m\u0113r\u0137is ir veicin\u0101t izpratni par kod\u0113\u0161anas un digit\u0101lo prasmju noz\u012bmi un dot iesp\u0113ju ikvienam Baltijas valst\u012bs piedal\u012bties bezmaksas tehnolo\u0123ij\u0101m un kod\u0113\u0161anas pas\u0101kumos sav\u0101s valod\u0101s. . Viettura teksts Cits viettura teksts [\u2026]<\/p>","protected":false},"author":1,"featured_media":0,"parent":0,"menu_order":0,"comment_status":"closed","ping_status":"closed","template":"","meta":[],"_links":{"self":[{"href":"https:\/\/datorium.eu\/lv\/wp-json\/wp\/v2\/pages\/2181"}],"collection":[{"href":"https:\/\/datorium.eu\/lv\/wp-json\/wp\/v2\/pages"}],"about":[{"href":"https:\/\/datorium.eu\/lv\/wp-json\/wp\/v2\/types\/page"}],"author":[{"embeddable":true,"href":"https:\/\/datorium.eu\/lv\/wp-json\/wp\/v2\/users\/1"}],"replies":[{"embeddable":true,"href":"https:\/\/datorium.eu\/lv\/wp-json\/wp\/v2\/comments?post=2181"}],"version-history":[{"count":0,"href":"https:\/\/datorium.eu\/lv\/wp-json\/wp\/v2\/pages\/2181\/revisions"}],"wp:attachment":[{"href":"https:\/\/datorium.eu\/lv\/wp-json\/wp\/v2\/media?parent=2181"}],"curies":[{"name":"wp","href":"https:\/\/api.w.org\/{rel}","templated":true}]}}