{"id":7345,"date":"2024-02-22T23:23:19","date_gmt":"2024-02-22T21:23:19","guid":{"rendered":"https:\/\/datorium.eu\/?page_id=7345"},"modified":"2024-02-23T04:14:22","modified_gmt":"2024-02-23T02:14:22","slug":"merch","status":"publish","type":"page","link":"https:\/\/datorium.eu\/lv\/merch\/","title":{"rendered":"Datorium pre\u010du veikals"},"content":{"rendered":"<div data-elementor-type=\"wp-page\" data-elementor-id=\"7345\" class=\"elementor elementor-7345\">\n\t\t\t\t\t\t<section class=\"elementor-section elementor-top-section elementor-element elementor-element-ef469da elementor-section-boxed elementor-section-height-default elementor-section-height-default\" data-id=\"ef469da\" data-element_type=\"section\">\n\t\t\t\t\t\t<div class=\"elementor-container elementor-column-gap-default\">\n\t\t\t\t\t<div class=\"elementor-column elementor-col-100 elementor-top-column elementor-element elementor-element-695c8a4\" data-id=\"695c8a4\" data-element_type=\"column\">\n\t\t\t<div class=\"elementor-widget-wrap elementor-element-populated\">\n\t\t\t\t\t\t<div class=\"elementor-element elementor-element-66057bc elementor-widget elementor-widget-image\" data-id=\"66057bc\" data-element_type=\"widget\" data-widget_type=\"image.default\">\n\t\t\t\t<div class=\"elementor-widget-container\">\n\t\t\t\t\t\t\t\t\t\t\t\t\t<img class=\"lazyload\" decoding=\"async\" src=\"data:image\/gif;base64,R0lGODlhAQABAIAAAAAAAP\/\/\/yH5BAEAAAAALAAAAAABAAEAAAIBRAA7\" data-src=\"https:\/\/datorium.eu\/wp-content\/uploads\/2024\/02\/small_MERCH_SHOP_banner.png\" title=\"mazs_MERCH_SHOP_baneris\" alt=\"mazs_MERCH_SHOP_baneris\" loading=\"lazy\" \/><noscript><img class=\"lazyload\" decoding=\"async\" src=\"https:\/\/datorium.eu\/wp-content\/uploads\/2024\/02\/small_MERCH_SHOP_banner.png\" title=\"mazs_MERCH_SHOP_baneris\" alt=\"mazs_MERCH_SHOP_baneris\" loading=\"lazy\" \/><\/noscript>\t\t\t\t\t\t\t\t\t\t\t\t\t<\/div>\n\t\t\t\t<\/div>\n\t\t\t\t\t<\/div>\n\t\t<\/div>\n\t\t\t\t\t<\/div>\n\t\t<\/section>\n\t\t\t\t<section class=\"elementor-section elementor-top-section elementor-element elementor-element-24e2a4d elementor-section-boxed elementor-section-height-default elementor-section-height-default\" data-id=\"24e2a4d\" data-element_type=\"section\">\n\t\t\t\t\t\t<div class=\"elementor-container elementor-column-gap-default\">\n\t\t\t\t\t<div class=\"elementor-column elementor-col-33 elementor-top-column elementor-element elementor-element-dc05483\" data-id=\"dc05483\" data-element_type=\"column\">\n\t\t\t<div class=\"elementor-widget-wrap elementor-element-populated\">\n\t\t\t\t\t\t<div class=\"elementor-element elementor-element-f43a2c0 elementor-view-default elementor-position-top elementor-mobile-position-top elementor-widget elementor-widget-icon-box\" data-id=\"f43a2c0\" data-element_type=\"widget\" data-widget_type=\"icon-box.default\">\n\t\t\t\t<div class=\"elementor-widget-container\">\n\t\t\t\t\t<div class=\"elementor-icon-box-wrapper\">\n\t\t\t\t\t\t<div class=\"elementor-icon-box-icon\">\n\t\t\t\t<span  class=\"elementor-icon elementor-animation-\">\n\t\t\t\t<i aria-hidden=\"true\" class=\"far fa-check-circle\"><\/i>\t\t\t\t<\/span>\n\t\t\t<\/div>\n\t\t\t\t\t\t<div class=\"elementor-icon-box-content\">\n\t\t\t\t<h3 class=\"elementor-icon-box-title\">\n\t\t\t\t\t<span  >\n\t\t\t\t\t\tPremium kvalit\u0101te\t\t\t\t\t<\/span>\n\t\t\t\t<\/h3>\n\t\t\t\t\t\t\t<\/div>\n\t\t<\/div>\n\t\t\t\t<\/div>\n\t\t\t\t<\/div>\n\t\t\t\t\t<\/div>\n\t\t<\/div>\n\t\t\t\t<div class=\"elementor-column elementor-col-33 elementor-top-column elementor-element elementor-element-a92815a\" data-id=\"a92815a\" data-element_type=\"column\">\n\t\t\t<div class=\"elementor-widget-wrap elementor-element-populated\">\n\t\t\t\t\t\t<div class=\"elementor-element elementor-element-038e4f5 elementor-view-default elementor-position-top elementor-mobile-position-top elementor-widget elementor-widget-icon-box\" data-id=\"038e4f5\" data-element_type=\"widget\" data-widget_type=\"icon-box.default\">\n\t\t\t\t<div class=\"elementor-widget-container\">\n\t\t\t\t\t<div class=\"elementor-icon-box-wrapper\">\n\t\t\t\t\t\t<div class=\"elementor-icon-box-icon\">\n\t\t\t\t<span  class=\"elementor-icon elementor-animation-\">\n\t\t\t\t<i aria-hidden=\"true\" class=\"far fa-check-circle\"><\/i>\t\t\t\t<\/span>\n\t\t\t<\/div>\n\t\t\t\t\t\t<div class=\"elementor-icon-box-content\">\n\t\t\t\t<h3 class=\"elementor-icon-box-title\">\n\t\t\t\t\t<span  >\n\t\t\t\t\t\tDro\u0161s maks\u0101jums\t\t\t\t\t<\/span>\n\t\t\t\t<\/h3>\n\t\t\t\t\t\t\t<\/div>\n\t\t<\/div>\n\t\t\t\t<\/div>\n\t\t\t\t<\/div>\n\t\t\t\t\t<\/div>\n\t\t<\/div>\n\t\t\t\t<div class=\"elementor-column elementor-col-33 elementor-top-column elementor-element elementor-element-6641c64\" data-id=\"6641c64\" data-element_type=\"column\">\n\t\t\t<div class=\"elementor-widget-wrap elementor-element-populated\">\n\t\t\t\t\t\t<div class=\"elementor-element elementor-element-a751baa elementor-view-default elementor-position-top elementor-mobile-position-top elementor-widget elementor-widget-icon-box\" data-id=\"a751baa\" data-element_type=\"widget\" data-widget_type=\"icon-box.default\">\n\t\t\t\t<div class=\"elementor-widget-container\">\n\t\t\t\t\t<div class=\"elementor-icon-box-wrapper\">\n\t\t\t\t\t\t<div class=\"elementor-icon-box-icon\">\n\t\t\t\t<span  class=\"elementor-icon elementor-animation-\">\n\t\t\t\t<i aria-hidden=\"true\" class=\"far fa-check-circle\"><\/i>\t\t\t\t<\/span>\n\t\t\t<\/div>\n\t\t\t\t\t\t<div class=\"elementor-icon-box-content\">\n\t\t\t\t<h3 class=\"elementor-icon-box-title\">\n\t\t\t\t\t<span  >\n\t\t\t\t\t\t\u0100tra pas\u016bt\u012bjuma apstr\u0101de\t\t\t\t\t<\/span>\n\t\t\t\t<\/h3>\n\t\t\t\t\t\t\t<\/div>\n\t\t<\/div>\n\t\t\t\t<\/div>\n\t\t\t\t<\/div>\n\t\t\t\t\t<\/div>\n\t\t<\/div>\n\t\t\t\t\t<\/div>\n\t\t<\/section>\n\t\t\t\t<section class=\"elementor-section elementor-top-section elementor-element elementor-element-5f8277c elementor-section-boxed elementor-section-height-default elementor-section-height-default\" data-id=\"5f8277c\" data-element_type=\"section\">\n\t\t\t\t\t\t<div class=\"elementor-container elementor-column-gap-default\">\n\t\t\t\t\t<div class=\"elementor-column elementor-col-50 elementor-top-column elementor-element elementor-element-430ade1\" data-id=\"430ade1\" data-element_type=\"column\">\n\t\t\t<div class=\"elementor-widget-wrap elementor-element-populated\">\n\t\t\t\t\t\t<div class=\"elementor-element elementor-element-fcb8797 elementor-widget elementor-widget-image\" data-id=\"fcb8797\" data-element_type=\"widget\" data-widget_type=\"image.default\">\n\t\t\t\t<div class=\"elementor-widget-container\">\n\t\t\t\t\t\t\t\t\t\t\t\t\t<img fetchpriority=\"high\" decoding=\"async\" width=\"800\" height=\"800\" src=\"data:image\/gif;base64,R0lGODlhAQABAIAAAAAAAP\/\/\/yH5BAEAAAAALAAAAAABAAEAAAIBRAA7\" data-src=\"https:\/\/datorium.eu\/wp-content\/uploads\/2024\/02\/hoodie-1024x1024.png\" class=\"attachment-large size-large wp-image-7431 lazyload\" alt=\"\" data-srcset=\"https:\/\/datorium.eu\/wp-content\/uploads\/2024\/02\/hoodie-1024x1024.png 1024w, https:\/\/datorium.eu\/wp-content\/uploads\/2024\/02\/hoodie-300x300.png 300w, https:\/\/datorium.eu\/wp-content\/uploads\/2024\/02\/hoodie-150x150.png 150w, https:\/\/datorium.eu\/wp-content\/uploads\/2024\/02\/hoodie-768x768.png 768w, https:\/\/datorium.eu\/wp-content\/uploads\/2024\/02\/hoodie-12x12.png 12w, https:\/\/datorium.eu\/wp-content\/uploads\/2024\/02\/hoodie-100x100.png 100w, https:\/\/datorium.eu\/wp-content\/uploads\/2024\/02\/hoodie.png 1080w\" sizes=\"(max-width: 800px) 100vw, 800px\" \/><noscript><img fetchpriority=\"high\" decoding=\"async\" width=\"800\" height=\"800\" src=\"https:\/\/datorium.eu\/wp-content\/uploads\/2024\/02\/hoodie-1024x1024.png\" class=\"attachment-large size-large wp-image-7431 lazyload\" alt=\"\" srcset=\"https:\/\/datorium.eu\/wp-content\/uploads\/2024\/02\/hoodie-1024x1024.png 1024w, https:\/\/datorium.eu\/wp-content\/uploads\/2024\/02\/hoodie-300x300.png 300w, https:\/\/datorium.eu\/wp-content\/uploads\/2024\/02\/hoodie-150x150.png 150w, https:\/\/datorium.eu\/wp-content\/uploads\/2024\/02\/hoodie-768x768.png 768w, https:\/\/datorium.eu\/wp-content\/uploads\/2024\/02\/hoodie-12x12.png 12w, https:\/\/datorium.eu\/wp-content\/uploads\/2024\/02\/hoodie-100x100.png 100w, https:\/\/datorium.eu\/wp-content\/uploads\/2024\/02\/hoodie.png 1080w\" sizes=\"(max-width: 800px) 100vw, 800px\" \/><\/noscript>\t\t\t\t\t\t\t\t\t\t\t\t\t<\/div>\n\t\t\t\t<\/div>\n\t\t\t\t<div class=\"elementor-element elementor-element-dba4f4a elementor-widget elementor-widget-heading\" data-id=\"dba4f4a\" data-element_type=\"widget\" data-widget_type=\"heading.default\">\n\t\t\t\t<div class=\"elementor-widget-container\">\n\t\t\t<h2 class=\"elementor-heading-title elementor-size-default\">Jaka ar kapuci<\/h2>\t\t<\/div>\n\t\t\t\t<\/div>\n\t\t\t\t<div class=\"elementor-element elementor-element-5776218 elementor-align-center elementor-widget elementor-widget-button\" data-id=\"5776218\" data-element_type=\"widget\" data-widget_type=\"button.default\">\n\t\t\t\t<div class=\"elementor-widget-container\">\n\t\t\t\t\t<div class=\"elementor-button-wrapper\">\n\t\t\t<a class=\"elementor-button elementor-button-link elementor-size-sm\" href=\"https:\/\/datorium.eu\/lv\/hoodie\/\">\n\t\t\t\t\t\t<span class=\"elementor-button-content-wrapper\">\n\t\t\t\t\t\t<span class=\"elementor-button-text\">PIRKT<\/span>\n\t\t<\/span>\n\t\t\t\t\t<\/a>\n\t\t<\/div>\n\t\t\t\t<\/div>\n\t\t\t\t<\/div>\n\t\t\t\t\t<\/div>\n\t\t<\/div>\n\t\t\t\t<div class=\"elementor-column elementor-col-50 elementor-top-column elementor-element elementor-element-f46e844\" data-id=\"f46e844\" data-element_type=\"column\">\n\t\t\t<div class=\"elementor-widget-wrap elementor-element-populated\">\n\t\t\t\t\t\t<div class=\"elementor-element elementor-element-2601cdc elementor-widget elementor-widget-image\" data-id=\"2601cdc\" data-element_type=\"widget\" data-widget_type=\"image.default\">\n\t\t\t\t<div class=\"elementor-widget-container\">\n\t\t\t\t\t\t\t\t\t\t\t\t\t<img decoding=\"async\" width=\"800\" height=\"800\" src=\"data:image\/gif;base64,R0lGODlhAQABAIAAAAAAAP\/\/\/yH5BAEAAAAALAAAAAABAAEAAAIBRAA7\" data-src=\"https:\/\/datorium.eu\/wp-content\/uploads\/2024\/02\/tshirt-1-1024x1024.png\" class=\"attachment-large size-large wp-image-7430 lazyload\" alt=\"\" data-srcset=\"https:\/\/datorium.eu\/wp-content\/uploads\/2024\/02\/tshirt-1-1024x1024.png 1024w, https:\/\/datorium.eu\/wp-content\/uploads\/2024\/02\/tshirt-1-300x300.png 300w, https:\/\/datorium.eu\/wp-content\/uploads\/2024\/02\/tshirt-1-150x150.png 150w, https:\/\/datorium.eu\/wp-content\/uploads\/2024\/02\/tshirt-1-768x768.png 768w, https:\/\/datorium.eu\/wp-content\/uploads\/2024\/02\/tshirt-1-12x12.png 12w, https:\/\/datorium.eu\/wp-content\/uploads\/2024\/02\/tshirt-1-100x100.png 100w, https:\/\/datorium.eu\/wp-content\/uploads\/2024\/02\/tshirt-1.png 1080w\" sizes=\"(max-width: 800px) 100vw, 800px\" \/><noscript><img decoding=\"async\" width=\"800\" height=\"800\" src=\"https:\/\/datorium.eu\/wp-content\/uploads\/2024\/02\/tshirt-1-1024x1024.png\" class=\"attachment-large size-large wp-image-7430 lazyload\" alt=\"\" srcset=\"https:\/\/datorium.eu\/wp-content\/uploads\/2024\/02\/tshirt-1-1024x1024.png 1024w, https:\/\/datorium.eu\/wp-content\/uploads\/2024\/02\/tshirt-1-300x300.png 300w, https:\/\/datorium.eu\/wp-content\/uploads\/2024\/02\/tshirt-1-150x150.png 150w, https:\/\/datorium.eu\/wp-content\/uploads\/2024\/02\/tshirt-1-768x768.png 768w, https:\/\/datorium.eu\/wp-content\/uploads\/2024\/02\/tshirt-1-12x12.png 12w, https:\/\/datorium.eu\/wp-content\/uploads\/2024\/02\/tshirt-1-100x100.png 100w, https:\/\/datorium.eu\/wp-content\/uploads\/2024\/02\/tshirt-1.png 1080w\" sizes=\"(max-width: 800px) 100vw, 800px\" \/><\/noscript>\t\t\t\t\t\t\t\t\t\t\t\t\t<\/div>\n\t\t\t\t<\/div>\n\t\t\t\t<div class=\"elementor-element elementor-element-66fd8ae elementor-widget elementor-widget-heading\" data-id=\"66fd8ae\" data-element_type=\"widget\" data-widget_type=\"heading.default\">\n\t\t\t\t<div class=\"elementor-widget-container\">\n\t\t\t<h2 class=\"elementor-heading-title elementor-size-default\">T-krekls<\/h2>\t\t<\/div>\n\t\t\t\t<\/div>\n\t\t\t\t<div class=\"elementor-element elementor-element-6b4d698 elementor-align-center elementor-widget elementor-widget-button\" data-id=\"6b4d698\" data-element_type=\"widget\" data-widget_type=\"button.default\">\n\t\t\t\t<div class=\"elementor-widget-container\">\n\t\t\t\t\t<div class=\"elementor-button-wrapper\">\n\t\t\t<a class=\"elementor-button elementor-button-link elementor-size-sm\" href=\"https:\/\/datorium.eu\/lv\/t-shirt\/\">\n\t\t\t\t\t\t<span class=\"elementor-button-content-wrapper\">\n\t\t\t\t\t\t<span class=\"elementor-button-text\">PIRKT<\/span>\n\t\t<\/span>\n\t\t\t\t\t<\/a>\n\t\t<\/div>\n\t\t\t\t<\/div>\n\t\t\t\t<\/div>\n\t\t\t\t\t<\/div>\n\t\t<\/div>\n\t\t\t\t\t<\/div>\n\t\t<\/section>\n\t\t\t\t<\/div>","protected":false},"excerpt":{"rendered":"<p>Premium kvalit\u0101te Dro\u0161s maks\u0101jums \u0100tra pas\u016bt\u012bjuma apstr\u0101de Hoodie Pirkt T-kreklu Nopirkt<\/p>","protected":false},"author":7,"featured_media":0,"parent":0,"menu_order":0,"comment_status":"closed","ping_status":"closed","template":"","meta":[],"_links":{"self":[{"href":"https:\/\/datorium.eu\/lv\/wp-json\/wp\/v2\/pages\/7345"}],"collection":[{"href":"https:\/\/datorium.eu\/lv\/wp-json\/wp\/v2\/pages"}],"about":[{"href":"https:\/\/datorium.eu\/lv\/wp-json\/wp\/v2\/types\/page"}],"author":[{"embeddable":true,"href":"https:\/\/datorium.eu\/lv\/wp-json\/wp\/v2\/users\/7"}],"replies":[{"embeddable":true,"href":"https:\/\/datorium.eu\/lv\/wp-json\/wp\/v2\/comments?post=7345"}],"version-history":[{"count":0,"href":"https:\/\/datorium.eu\/lv\/wp-json\/wp\/v2\/pages\/7345\/revisions"}],"wp:attachment":[{"href":"https:\/\/datorium.eu\/lv\/wp-json\/wp\/v2\/media?parent=7345"}],"curies":[{"name":"wp","href":"https:\/\/api.w.org\/{rel}","templated":true}]}}