{"id":950,"date":"2020-07-27T01:08:15","date_gmt":"2020-07-26T22:08:15","guid":{"rendered":"https:\/\/datorium.eu\/?page_id=950"},"modified":"2021-01-22T14:41:54","modified_gmt":"2021-01-22T12:41:54","slug":"terms-and-conditions","status":"publish","type":"page","link":"https:\/\/datorium.eu\/lv\/terms-and-conditions\/","title":{"rendered":"Noteikumi un nosac\u012bjumi"},"content":{"rendered":"<div data-elementor-type=\"wp-page\" data-elementor-id=\"950\" class=\"elementor elementor-950\">\n\t\t\t\t\t\t<section class=\"elementor-section elementor-top-section elementor-element elementor-element-f7b6f6 elementor-section-height-min-height elementor-section-boxed elementor-section-height-default elementor-section-items-middle\" data-id=\"f7b6f6\" data-element_type=\"section\" data-settings=\"{&quot;background_background&quot;:&quot;gradient&quot;,&quot;shape_divider_bottom&quot;:&quot;waves&quot;}\">\n\t\t\t\t\t\t\t<div class=\"elementor-background-overlay\"><\/div>\n\t\t\t\t\t\t<div class=\"elementor-shape elementor-shape-bottom\" data-negative=\"false\">\n\t\t\t<svg xmlns=\"http:\/\/www.w3.org\/2000\/svg\" viewbox=\"0 0 1000 100\" preserveaspectratio=\"none\">\n\t<path class=\"elementor-shape-fill\" d=\"M421.9,6.5c22.6-2.5,51.5,0.4,75.5,5.3c23.6,4.9,70.9,23.5,100.5,35.7c75.8,32.2,133.7,44.5,192.6,49.7\tc23.6,2.1,48.7,3.5,103.4-2.5c54.7-6,106.2-25.6,106.2-25.6V0H0v30.3c0,0,72,32.6,158.4,30.5c39.2-0.7,92.8-6.7,134-22.4\tc21.2-8.1,52.2-18.2,79.7-24.2C399.3,7.9,411.6,7.5,421.9,6.5z\"\/>\n<\/svg>\t\t<\/div>\n\t\t\t\t\t<div class=\"elementor-container elementor-column-gap-default\">\n\t\t\t\t\t<div class=\"elementor-column elementor-col-100 elementor-top-column elementor-element elementor-element-5a12b25f\" data-id=\"5a12b25f\" data-element_type=\"column\">\n\t\t\t<div class=\"elementor-widget-wrap elementor-element-populated\">\n\t\t\t\t\t\t<div class=\"elementor-element elementor-element-4f89f94d elementor-widget elementor-widget-heading\" data-id=\"4f89f94d\" data-element_type=\"widget\" data-widget_type=\"heading.default\">\n\t\t\t\t<div class=\"elementor-widget-container\">\n\t\t\t<h1 class=\"elementor-heading-title elementor-size-default\">Noteikumi un nosac\u012bjumi<\/h1>\t\t<\/div>\n\t\t\t\t<\/div>\n\t\t\t\t\t<\/div>\n\t\t<\/div>\n\t\t\t\t\t<\/div>\n\t\t<\/section>\n\t\t\t\t<section class=\"elementor-section elementor-top-section elementor-element elementor-element-7c5d8aa8 elementor-section-content-middle elementor-section-boxed elementor-section-height-default elementor-section-height-default\" data-id=\"7c5d8aa8\" data-element_type=\"section\">\n\t\t\t\t\t\t<div class=\"elementor-container elementor-column-gap-no\">\n\t\t\t\t\t<div class=\"elementor-column elementor-col-100 elementor-top-column elementor-element elementor-element-5b7b8a08\" data-id=\"5b7b8a08\" data-element_type=\"column\">\n\t\t\t<div class=\"elementor-widget-wrap elementor-element-populated\">\n\t\t\t\t\t\t<section class=\"elementor-section elementor-inner-section elementor-element elementor-element-58caf9c4 elementor-section-content-top elementor-section-boxed elementor-section-height-default elementor-section-height-default\" data-id=\"58caf9c4\" data-element_type=\"section\">\n\t\t\t\t\t\t<div class=\"elementor-container elementor-column-gap-no\">\n\t\t\t\t\t<div class=\"elementor-column elementor-col-50 elementor-inner-column elementor-element elementor-element-68d8ca65\" data-id=\"68d8ca65\" data-element_type=\"column\">\n\t\t\t<div class=\"elementor-widget-wrap elementor-element-populated\">\n\t\t\t\t\t\t<div class=\"elementor-element elementor-element-76594cd2 elementor-widget elementor-widget-heading\" data-id=\"76594cd2\" data-element_type=\"widget\" data-widget_type=\"heading.default\">\n\t\t\t\t<div class=\"elementor-widget-container\">\n\t\t\t<h4 class=\"elementor-heading-title elementor-size-default\">Visp\u0101r\u012bgie noteikumi<\/h4>\t\t<\/div>\n\t\t\t\t<\/div>\n\t\t\t\t<div class=\"elementor-element elementor-element-4ba07dc elementor-widget elementor-widget-text-editor\" data-id=\"4ba07dc\" data-element_type=\"widget\" data-widget_type=\"text-editor.default\">\n\t\t\t\t<div class=\"elementor-widget-container\">\n\t\t\t\t\t\t\tSIA \u201cRiga International Tuition Center\u201d re\u0123istr\u0101cijas Nr. 40103978328, kas izveidoja intere\u0161u izgl\u012bt\u012bbas iest\u0101di \u201cEuropean Coding School\u201d (re\u0123istr\u0113ts Latvijas Republikas Izgl\u012bt\u012bbas un zin\u0101tnes ministrija, licenses numurs 3351803339) un str\u0101d\u0101 ar re\u0123istr\u0113tu pre\u010du z\u012bmi \u201cDatorium\u201d, turpm\u0101k saukta par Datorium, no vienas puses, un Datorium re\u0123istr\u0113ta studenta, turpm\u0101k tekst\u0101 - students, vec\u0101ks vai aizbildnis, no otras puses, turpm\u0101k saukts par vec\u0101kiem, nosl\u0113dz \u0161\u0101du l\u012bgumu.\t\t\t\t\t\t<\/div>\n\t\t\t\t<\/div>\n\t\t\t\t<div class=\"elementor-element elementor-element-33a1e957 elementor-widget elementor-widget-heading\" data-id=\"33a1e957\" data-element_type=\"widget\" data-widget_type=\"heading.default\">\n\t\t\t\t<div class=\"elementor-widget-container\">\n\t\t\t<h4 class=\"elementor-heading-title elementor-size-default\"><ol><li>Datorium ties\u012bbas un pien\u0101kumi<\/li><\/ol><\/h4>\t\t<\/div>\n\t\t\t\t<\/div>\n\t\t\t\t<div class=\"elementor-element elementor-element-9fc70b5 elementor-widget elementor-widget-text-editor\" data-id=\"9fc70b5\" data-element_type=\"widget\" data-widget_type=\"text-editor.default\">\n\t\t\t\t<div class=\"elementor-widget-container\">\n\t\t\t\t\t\t\t<ol><li>Datorium nodro\u0161ina 90 min\u016b\u0161u nodarb\u012bbas tie\u0161saist\u0113 vai bezsaist\u0113, kvalific\u0113tu skolot\u0101ju vad\u012bb\u0101.<\/li><li>Datorium nodro\u0161ina piem\u0113rotus klases vai tie\u0161saistes tehniskos nosac\u012bjumus.<\/li><li>Datorium ir ties\u012bbas nos\u016bt\u012bt vec\u0101kiem abon\u0113\u0161anas priek\u0161apmaksas r\u0113\u0137inu un sa\u0146emt abon\u0113\u0161anas maksu no vec\u0101kiem.<\/li><li>Datorium patur ties\u012bbas savlaic\u012bgi veikt izmai\u0146as nodarb\u012bbu grafik\u0101, par to inform\u0113jot vec\u0101kus.<\/li><\/ol>\t\t\t\t\t\t<\/div>\n\t\t\t\t<\/div>\n\t\t\t\t<div class=\"elementor-element elementor-element-4bec6f6 elementor-widget elementor-widget-heading\" data-id=\"4bec6f6\" data-element_type=\"widget\" data-widget_type=\"heading.default\">\n\t\t\t\t<div class=\"elementor-widget-container\">\n\t\t\t<h4 class=\"elementor-heading-title elementor-size-default\"><ol start=\"2\"><li>Vec\u0101ku un studentu ties\u012bbas un pien\u0101kumi<\/li><\/ol><\/h4>\t\t<\/div>\n\t\t\t\t<\/div>\n\t\t\t\t<div class=\"elementor-element elementor-element-bb2bafb elementor-widget elementor-widget-text-editor\" data-id=\"bb2bafb\" data-element_type=\"widget\" data-widget_type=\"text-editor.default\">\n\t\t\t\t<div class=\"elementor-widget-container\">\n\t\t\t\t\t\t\t<ol><li>Students ap\u0146emas savlaic\u012bgi un regul\u0101ri piedal\u012bties nodarb\u012bb\u0101s.<\/li><li>Skol\u0113ns vai vec\u0101ks savlaic\u012bgi inform\u0113 Datorium, ja ilgsto\u0161i (vair\u0101k nek\u0101 2 nodarb\u012bbas) nevar piedal\u012bties nodarb\u012bb\u0101s.<\/li><li>Studentam ir ties\u012bbas piedal\u012bties Datorium nodarb\u012bb\u0101s tikai tad, ja par to tiek veikta ikm\u0113ne\u0161a abon\u0113\u0161anas maksa un nav par\u0101du Datorium.<\/li><li>Students ap\u0146emas uzman\u012bgi iztur\u0113ties pret Datorium un tre\u0161o personu apr\u012bkojumu un digit\u0101lajiem materi\u0101liem. Cieniet citu dal\u012bbnieku personisk\u0101s fizisk\u0101s vai digit\u0101l\u0101s mantas.<\/li><li>R\u012bkojieties saska\u0146\u0101 ar Datorium virtu\u0101lo kla\u0161u noteikumiem (piem\u0113ram, Discord vai Zoom).<\/li><li>Vec\u0101ks uz\u0146emas pilnu atbild\u012bbu, ja students vai vi\u0146a \/ vi\u0146as \u0123imenes p\u0101rst\u0101vis nodara materi\u0101lus zaud\u0113jumus Datorium vai tre\u0161aj\u0101m person\u0101m un sedz \/ atl\u012bdzina visus saist\u012btos izdevumus.<\/li><li>Studentam stundu laik\u0101 j\u0101iev\u0113ro Datorium un t\u0101 pasniedz\u0113ju nor\u0101d\u012bjumi.<\/li><\/ol>\t\t\t\t\t\t<\/div>\n\t\t\t\t<\/div>\n\t\t\t\t<div class=\"elementor-element elementor-element-669fa9e elementor-widget elementor-widget-heading\" data-id=\"669fa9e\" data-element_type=\"widget\" data-widget_type=\"heading.default\">\n\t\t\t\t<div class=\"elementor-widget-container\">\n\t\t\t<h4 class=\"elementor-heading-title elementor-size-default\"><ol start=\"3\"><li>100% naudas atmaksas garantija<\/li><\/ol><\/h4>\t\t<\/div>\n\t\t\t\t<\/div>\n\t\t\t\t<div class=\"elementor-element elementor-element-76bd863 elementor-widget elementor-widget-text-editor\" data-id=\"76bd863\" data-element_type=\"widget\" data-widget_type=\"text-editor.default\">\n\t\t\t\t<div class=\"elementor-widget-container\">\n\t\t\t\t\t\t\t<ol><li>100% naudas atmaksas garantija ir beznosac\u012bjuma naudas atgrie\u0161anas nosac\u012bjums, ko nodro\u0161ina Datorium.<\/li><li>100% naudas atmaksas garantijas iesp\u0113ju vec\u0101ki (vai citas personas, kuras veica maks\u0101jumu saska\u0146\u0101 ar \u0161o punktu) var izmantot m\u0113ne\u0161a laik\u0101 no kursa apmaksas datuma.<\/li><li>P\u0113c \u0161\u012b datuma 100% naudas atmasas garantija nav oblig\u0101ta Datorium.<\/li><li>Lai sa\u0146emtu 100% naudas atmaksas garantiju, vec\u0101kiem vai jebkuram citam maks\u0101t\u0101jam, ir j\u0101pieprasa to rakstiski (izmantojot elektronisk\u0101s sazi\u0146as formu Datorium vietn\u0113) pirms p\u0113d\u0113j\u0101s garantijas der\u012bguma datuma un laika.<\/li><li>100% naudas atmaksas garantija neietver komisijas maksas un komisijas, kuras vec\u0101ki vai citi maks\u0101t\u0101ji maks\u0101 tre\u0161aj\u0101m person\u0101m (piem\u0113ram, bankas nodevas, naudas p\u0101rskait\u012bjuma komisijas).<\/li><\/ol>\t\t\t\t\t\t<\/div>\n\t\t\t\t<\/div>\n\t\t\t\t\t<\/div>\n\t\t<\/div>\n\t\t\t\t<div class=\"elementor-column elementor-col-50 elementor-inner-column elementor-element elementor-element-8c4dc24\" data-id=\"8c4dc24\" data-element_type=\"column\">\n\t\t\t<div class=\"elementor-widget-wrap elementor-element-populated\">\n\t\t\t\t\t\t<div class=\"elementor-element elementor-element-8912112 elementor-widget elementor-widget-heading\" data-id=\"8912112\" data-element_type=\"widget\" data-widget_type=\"heading.default\">\n\t\t\t\t<div class=\"elementor-widget-container\">\n\t\t\t<h4 class=\"elementor-heading-title elementor-size-default\"><ol start=\"4\"><li>Abon\u0113\u0161anas maksa<\/li><\/ol><\/h4>\t\t<\/div>\n\t\t\t\t<\/div>\n\t\t\t\t<div class=\"elementor-element elementor-element-66bac77 elementor-widget elementor-widget-text-editor\" data-id=\"66bac77\" data-element_type=\"widget\" data-widget_type=\"text-editor.default\">\n\t\t\t\t<div class=\"elementor-widget-container\">\n\t\t\t\t\t\t\t<ol><li>Datorium iekas\u0113 abon\u0113\u0161anas maksu par saviem apmaks\u0101tajiem kursiem un nodarb\u012bb\u0101m.<\/li><li>Abon\u0113\u0161anas maksa tiek nor\u0101d\u012bta pirkuma br\u012bd\u012b, un to nevar main\u012bt p\u0113c pirkuma veik\u0161anas.<\/li><li>Abon\u0113\u0161anas maksu var piem\u0113rot uz noteiktu laiku vai ar\u012b t\u0101 var b\u016bt sp\u0113k\u0101, kam\u0113r vec\u0101ks atce\u013c abonementu.<\/li><li>Datorium ir ties\u012bbas iekas\u0113t abon\u0113\u0161anas maksu veid\u0101, kuru vec\u0101ks vai maks\u0101t\u0101js ir apstiprin\u0101jis. Maksa var tikt iekas\u0113ta autom\u0101tiski ar bie\u017eumu, kas nor\u0101d\u012bts abon\u0113\u0161anas br\u012bd\u012b un kuru ir pie\u0146\u0113mis vec\u0101ks vai maks\u0101t\u0101js.<\/li><li>Naudas summa var tikt debet\u0113ta autom\u0101tiski, bez iepriek\u0161\u0113ja br\u012bdin\u0101juma, no konta vai maks\u0101juma kartes, kuru nodro\u0161ina vec\u0101ks vai maks\u0101t\u0101js.<\/li><li>Vec\u0101ki var p\u0101rtraukt n\u0101kamo abon\u0113\u0161anas maksu jebkur\u0101 laik\u0101 pirms t\u0101 pa\u0161a abon\u0113\u0161anas maks\u0101juma atk\u0101rtot\u0101 datuma un laika.<\/li><\/ol>\t\t\t\t\t\t<\/div>\n\t\t\t\t<\/div>\n\t\t\t\t<div class=\"elementor-element elementor-element-08e282e elementor-widget elementor-widget-heading\" data-id=\"08e282e\" data-element_type=\"widget\" data-widget_type=\"heading.default\">\n\t\t\t\t<div class=\"elementor-widget-container\">\n\t\t\t<h4 class=\"elementor-heading-title elementor-size-default\"><ol start=\"5\"><li>Nobeiguma noteikumi<\/li><\/ol><\/h4>\t\t<\/div>\n\t\t\t\t<\/div>\n\t\t\t\t<div class=\"elementor-element elementor-element-974ef12 elementor-widget elementor-widget-text-editor\" data-id=\"974ef12\" data-element_type=\"widget\" data-widget_type=\"text-editor.default\">\n\t\t\t\t<div class=\"elementor-widget-container\">\n\t\t\t\t\t\t\t<ol><li><p>\u0160ie noteikumi un nosac\u012bjumi ir sp\u0113k\u0101 no to apstiprin\u0101\u0161anas br\u012b\u017ea elektronisk\u0101 form\u0101.<\/p><\/li><li>Datorium ir ties\u012bbas main\u012bt \u0161os noteikumus un nosac\u012bjumus, ta\u010du tie b\u016bs sp\u0113k\u0101 tikai tiem, kuri tos apstiprina p\u0113c izmai\u0146u notik\u0161anas.<\/li><li><p>Ja students vai vec\u0101ks vai vi\u0146u p\u0101rst\u0101vji p\u0101rk\u0101pj vai nepilda k\u0101du no iepriek\u0161min\u0113tajiem pien\u0101kumiem, Datorium ir ties\u012bgs izsl\u0113gt studentu no Datorium kursiem un nodarb\u012bb\u0101m.<\/p><\/li><li><p>Ja vec\u0101kam ir abon\u0113\u0161anas maksas par\u0101ds, Datorium l\u012bguma ietvaros var aizliegt studentam piedal\u012bties nodarb\u012bb\u0101s un likum\u012bgi nodot vec\u0101ku datus par\u0101du piedzi\u0146as uz\u0146\u0113mumam.<\/p><\/li><li><p>Nodarb\u012bbu laik\u0101 Datorium ir ties\u012bbas veikt video un ekr\u0101na ierakstus, fotograf\u0113t un veikt ekr\u0101nuz\u0146\u0113mumus un ieg\u016btos materi\u0101lus izmantot uz\u0146\u0113muma vajadz\u012bb\u0101m.<\/p><\/li><li><p>Visi str\u012bdi un domstarp\u012bbas, kas rodas, \u012bstenojot Noteikumus un nosac\u012bjumus, tiek risin\u0101ti sarunu ce\u013c\u0101, bet, ja vieno\u0161an\u0101s netiek pan\u0101kta, visas domstarp\u012bbas, str\u012bdi vai pras\u012bbas, kas izriet no \u0161\u012b l\u012bguma vai ir saist\u012bti ar to, t\u0101 p\u0101rk\u0101p\u0161anu, izbeig\u0161anu vai sp\u0113k\u0101 neesam\u012bbu, tiek risin\u0101ti, pamatojoties uz Latvijas Republikas likumdo\u0161anu. Ja \u0161\u0101da vieno\u0161an\u0101s netiek pan\u0101kta, str\u012bdi tiek iz\u0161\u0137irti Latvijas Republikas ties\u0101 vai par\u0101di tiek nodoti tre\u0161ajai personai (cesija notiek) saska\u0146\u0101 ar Latvijas Republikas normat\u012bvajiem aktiem.<\/p><\/li><li><p>Puses vienojas par visiem l\u012bguma noteikumiem un to apstiprina, aizpildot un piekr\u012btot elektronisk\u0101 veidlap\u0101 Datorium t\u012bmek\u013ca vietn\u0113.<\/p><\/li><\/ol>\t\t\t\t\t\t<\/div>\n\t\t\t\t<\/div>\n\t\t\t\t\t<\/div>\n\t\t<\/div>\n\t\t\t\t\t<\/div>\n\t\t<\/section>\n\t\t\t\t\t<\/div>\n\t\t<\/div>\n\t\t\t\t\t<\/div>\n\t\t<\/section>\n\t\t\t\t<\/div>","protected":false},"excerpt":{"rendered":"<p>Noteikumi Visp\u0101r\u0113j\u0101 klauzula SIA \u201cR\u012bgas Starptautiskais m\u0101c\u012bbu centrs\u201d re\u0123istr\u0101cijas Nr. uz viena roka un vec\u0101ki [\u2026]<\/p>","protected":false},"author":1,"featured_media":0,"parent":0,"menu_order":0,"comment_status":"closed","ping_status":"closed","template":"","meta":[],"_links":{"self":[{"href":"https:\/\/datorium.eu\/lv\/wp-json\/wp\/v2\/pages\/950"}],"collection":[{"href":"https:\/\/datorium.eu\/lv\/wp-json\/wp\/v2\/pages"}],"about":[{"href":"https:\/\/datorium.eu\/lv\/wp-json\/wp\/v2\/types\/page"}],"author":[{"embeddable":true,"href":"https:\/\/datorium.eu\/lv\/wp-json\/wp\/v2\/users\/1"}],"replies":[{"embeddable":true,"href":"https:\/\/datorium.eu\/lv\/wp-json\/wp\/v2\/comments?post=950"}],"version-history":[{"count":0,"href":"https:\/\/datorium.eu\/lv\/wp-json\/wp\/v2\/pages\/950\/revisions"}],"wp:attachment":[{"href":"https:\/\/datorium.eu\/lv\/wp-json\/wp\/v2\/media?parent=950"}],"curies":[{"name":"wp","href":"https:\/\/api.w.org\/{rel}","templated":true}]}}