{"id":2244,"date":"2020-11-12T11:46:38","date_gmt":"2020-11-12T09:46:38","guid":{"rendered":"https:\/\/datorium.eu\/?post_type=product&#038;p=2244"},"modified":"2021-05-13T18:13:08","modified_gmt":"2021-05-13T15:13:08","slug":"monthly-payment","status":"publish","type":"product","link":"https:\/\/datorium.eu\/lv\/products\/monthly-payment\/","title":{"rendered":"M\u0113ne\u0161a maks\u0101jums"},"content":{"rendered":"","protected":false},"excerpt":{"rendered":"","protected":false},"featured_media":100,"comment_status":"open","ping_status":"closed","template":"","meta":[],"product_cat":[30],"product_tag":[],"_links":{"self":[{"href":"https:\/\/datorium.eu\/lv\/wp-json\/wp\/v2\/product\/2244"}],"collection":[{"href":"https:\/\/datorium.eu\/lv\/wp-json\/wp\/v2\/product"}],"about":[{"href":"https:\/\/datorium.eu\/lv\/wp-json\/wp\/v2\/types\/product"}],"replies":[{"embeddable":true,"href":"https:\/\/datorium.eu\/lv\/wp-json\/wp\/v2\/comments?post=2244"}],"wp:featuredmedia":[{"embeddable":true,"href":"https:\/\/datorium.eu\/lv\/wp-json\/wp\/v2\/media\/100"}],"wp:attachment":[{"href":"https:\/\/datorium.eu\/lv\/wp-json\/wp\/v2\/media?parent=2244"}],"wp:term":[{"taxonomy":"product_cat","embeddable":true,"href":"https:\/\/datorium.eu\/lv\/wp-json\/wp\/v2\/product_cat?post=2244"},{"taxonomy":"product_tag","embeddable":true,"href":"https:\/\/datorium.eu\/lv\/wp-json\/wp\/v2\/product_tag?post=2244"}],"curies":[{"name":"wp","href":"https:\/\/api.w.org\/{rel}","templated":true}]}}