{"id":7301,"date":"2024-02-21T21:46:50","date_gmt":"2024-02-21T19:46:50","guid":{"rendered":"https:\/\/datorium.eu\/?post_type=product&#038;p=7301"},"modified":"2026-01-23T11:40:32","modified_gmt":"2026-01-23T09:40:32","slug":"hoodie","status":"publish","type":"product","link":"https:\/\/datorium.eu\/lv\/products\/hoodie\/","title":{"rendered":"Jaka ar kapuci"},"content":{"rendered":"<p>Z\u012bmola Datorium karaliski zila kapuce ar iz\u0161\u016btu Datorium logotipu.<\/p>\n<p>\u2022 80% kokvilna, 20% poliesters<br \/>\n\u2022 Regul\u0101ri piem\u0113roti<br \/>\n\u2022 Iz\u0161\u016bts Datorium logotips<br \/>\n\u2022 Priek\u0161\u0113j\u0101 maisi\u0146a kabata<\/p>","protected":false},"excerpt":{"rendered":"<p>Z\u012bmola Datorium karaliski zila kapuce ar iz\u0161\u016btu Datorium logotipu.<\/p>","protected":false},"featured_media":7472,"comment_status":"open","ping_status":"closed","template":"","meta":[],"product_cat":[29],"product_tag":[],"_links":{"self":[{"href":"https:\/\/datorium.eu\/lv\/wp-json\/wp\/v2\/product\/7301"}],"collection":[{"href":"https:\/\/datorium.eu\/lv\/wp-json\/wp\/v2\/product"}],"about":[{"href":"https:\/\/datorium.eu\/lv\/wp-json\/wp\/v2\/types\/product"}],"replies":[{"embeddable":true,"href":"https:\/\/datorium.eu\/lv\/wp-json\/wp\/v2\/comments?post=7301"}],"wp:featuredmedia":[{"embeddable":true,"href":"https:\/\/datorium.eu\/lv\/wp-json\/wp\/v2\/media\/7472"}],"wp:attachment":[{"href":"https:\/\/datorium.eu\/lv\/wp-json\/wp\/v2\/media?parent=7301"}],"wp:term":[{"taxonomy":"product_cat","embeddable":true,"href":"https:\/\/datorium.eu\/lv\/wp-json\/wp\/v2\/product_cat?post=7301"},{"taxonomy":"product_tag","embeddable":true,"href":"https:\/\/datorium.eu\/lv\/wp-json\/wp\/v2\/product_tag?post=7301"}],"curies":[{"name":"wp","href":"https:\/\/api.w.org\/{rel}","templated":true}]}}